{"id":14323,"date":"2025-11-27T17:32:56","date_gmt":"2025-11-27T17:32:56","guid":{"rendered":"https:\/\/belshoop.be\/produits\/faux-leather-jacket\/"},"modified":"2025-12-03T15:24:25","modified_gmt":"2025-12-03T15:24:25","slug":"faux-leather-jacket","status":"publish","type":"product","link":"https:\/\/belshoop.be\/en\/produits\/faux-leather-jacket\/","title":{"rendered":"Faux Leather Jacket"},"content":{"rendered":"<p>Description:<\/p>\n<p>Pull en maille douce au col montant, confortable et id\u00e9al pour la saison. Sa coupe droite et l\u00e9g\u00e8rement loose offre un look moderne et facile \u00e0 porter au quotidien. Parfait pour cr\u00e9er des tenues cosy avec un jean, un pantalon large ou une jupe fluide.<\/p>\n<p>Composition:<\/p>\n<p>40 % coton \u2013 52 % nylon \u2013 8 % \u00e9lasthanne<\/p>\n<p>Model Details:<\/p>\n<p>The model is 1.66m tall and wears one size.<\/p>\n","protected":false},"excerpt":{"rendered":"<p>Description: Pull en maille douce au col montant, confortable et id\u00e9al pour la saison. Sa coupe droite et l\u00e9g\u00e8rement loose offre un look moderne et facile \u00e0 porter au quotidien. Parfait pour cr\u00e9er des tenues cosy avec un jean, un pantalon large ou une jupe fluide. Composition: 40 % coton \u2013 52 % nylon \u2013 [&hellip;]<\/p>\n","protected":false},"featured_media":14244,"template":"","meta":[],"product_brand":[],"product_cat":[447],"product_tag":[],"class_list":{"0":"post-14323","1":"product","2":"type-product","3":"status-publish","4":"has-post-thumbnail","6":"product_cat-bomber","7":"pa_color-black","8":"pa_color-brown","9":"pa_size-one-size","11":"first","12":"instock","13":"shipping-taxable","14":"purchasable","15":"product-type-variable"},"yoast_head":"<!-- This site is optimized with the Yoast SEO plugin v26.1.1 - https:\/\/yoast.com\/wordpress\/plugins\/seo\/ -->\n<title>Faux Leather Jacket - belshop<\/title>\n<meta name=\"robots\" content=\"index, follow, max-snippet:-1, max-image-preview:large, max-video-preview:-1\" \/>\n<link rel=\"canonical\" href=\"https:\/\/belshoop.be\/en\/produits\/faux-leather-jacket\/\" \/>\n<meta property=\"og:locale\" content=\"en_US\" \/>\n<meta property=\"og:type\" content=\"article\" \/>\n<meta property=\"og:title\" content=\"Faux Leather Jacket - belshop\" \/>\n<meta property=\"og:description\" content=\"Description: Pull en maille douce au col montant, confortable et id\u00e9al pour la saison. Sa coupe droite et l\u00e9g\u00e8rement loose offre un look moderne et facile \u00e0 porter au quotidien. Parfait pour cr\u00e9er des tenues cosy avec un jean, un pantalon large ou une jupe fluide. Composition: 40 % coton \u2013 52 % nylon \u2013 [&hellip;]\" \/>\n<meta property=\"og:url\" content=\"https:\/\/belshoop.be\/en\/produits\/faux-leather-jacket\/\" \/>\n<meta property=\"og:site_name\" content=\"belshop\" \/>\n<meta property=\"article:modified_time\" content=\"2025-12-03T15:24:25+00:00\" \/>\n<meta property=\"og:image\" content=\"https:\/\/belshoop.be\/wp-content\/uploads\/2025\/11\/74d2619b-346a-4fb3-aaf2-f9871a10e021.jpeg\" \/>\n\t<meta property=\"og:image:width\" content=\"1536\" \/>\n\t<meta property=\"og:image:height\" content=\"2048\" \/>\n\t<meta property=\"og:image:type\" content=\"image\/jpeg\" \/>\n<meta name=\"twitter:card\" content=\"summary_large_image\" \/>\n<script type=\"application\/ld+json\" class=\"yoast-schema-graph\">{\"@context\":\"https:\/\/schema.org\",\"@graph\":[{\"@type\":\"WebPage\",\"@id\":\"https:\/\/belshoop.be\/en\/produits\/faux-leather-jacket\/\",\"url\":\"https:\/\/belshoop.be\/en\/produits\/faux-leather-jacket\/\",\"name\":\"Faux Leather Jacket - belshop\",\"isPartOf\":{\"@id\":\"https:\/\/belshoop.be\/en\/#website\"},\"primaryImageOfPage\":{\"@id\":\"https:\/\/belshoop.be\/en\/produits\/faux-leather-jacket\/#primaryimage\"},\"image\":{\"@id\":\"https:\/\/belshoop.be\/en\/produits\/faux-leather-jacket\/#primaryimage\"},\"thumbnailUrl\":\"https:\/\/belshoop.be\/wp-content\/uploads\/2025\/11\/74d2619b-346a-4fb3-aaf2-f9871a10e021.jpeg\",\"datePublished\":\"2025-11-27T17:32:56+00:00\",\"dateModified\":\"2025-12-03T15:24:25+00:00\",\"breadcrumb\":{\"@id\":\"https:\/\/belshoop.be\/en\/produits\/faux-leather-jacket\/#breadcrumb\"},\"inLanguage\":\"en-US\",\"potentialAction\":[{\"@type\":\"ReadAction\",\"target\":[\"https:\/\/belshoop.be\/en\/produits\/faux-leather-jacket\/\"]}]},{\"@type\":\"ImageObject\",\"inLanguage\":\"en-US\",\"@id\":\"https:\/\/belshoop.be\/en\/produits\/faux-leather-jacket\/#primaryimage\",\"url\":\"https:\/\/belshoop.be\/wp-content\/uploads\/2025\/11\/74d2619b-346a-4fb3-aaf2-f9871a10e021.jpeg\",\"contentUrl\":\"https:\/\/belshoop.be\/wp-content\/uploads\/2025\/11\/74d2619b-346a-4fb3-aaf2-f9871a10e021.jpeg\",\"width\":1536,\"height\":2048},{\"@type\":\"BreadcrumbList\",\"@id\":\"https:\/\/belshoop.be\/en\/produits\/faux-leather-jacket\/#breadcrumb\",\"itemListElement\":[{\"@type\":\"ListItem\",\"position\":1,\"name\":\"Accueil\",\"item\":\"https:\/\/belshoop.be\/en\/\"},{\"@type\":\"ListItem\",\"position\":2,\"name\":\"Products\",\"item\":\"https:\/\/belshoop.be\/en\/shop\/\"},{\"@type\":\"ListItem\",\"position\":3,\"name\":\"Faux Leather Jacket\"}]},{\"@type\":\"WebSite\",\"@id\":\"https:\/\/belshoop.be\/en\/#website\",\"url\":\"https:\/\/belshoop.be\/en\/\",\"name\":\"belshop\",\"description\":\"\",\"potentialAction\":[{\"@type\":\"SearchAction\",\"target\":{\"@type\":\"EntryPoint\",\"urlTemplate\":\"https:\/\/belshoop.be\/en\/?s={search_term_string}\"},\"query-input\":{\"@type\":\"PropertyValueSpecification\",\"valueRequired\":true,\"valueName\":\"search_term_string\"}}],\"inLanguage\":\"en-US\"}]}<\/script>\n<!-- \/ Yoast SEO plugin. -->","yoast_head_json":{"title":"Faux Leather Jacket - belshop","robots":{"index":"index","follow":"follow","max-snippet":"max-snippet:-1","max-image-preview":"max-image-preview:large","max-video-preview":"max-video-preview:-1"},"canonical":"https:\/\/belshoop.be\/en\/produits\/faux-leather-jacket\/","og_locale":"en_US","og_type":"article","og_title":"Faux Leather Jacket - belshop","og_description":"Description: Pull en maille douce au col montant, confortable et id\u00e9al pour la saison. Sa coupe droite et l\u00e9g\u00e8rement loose offre un look moderne et facile \u00e0 porter au quotidien. Parfait pour cr\u00e9er des tenues cosy avec un jean, un pantalon large ou une jupe fluide. Composition: 40 % coton \u2013 52 % nylon \u2013 [&hellip;]","og_url":"https:\/\/belshoop.be\/en\/produits\/faux-leather-jacket\/","og_site_name":"belshop","article_modified_time":"2025-12-03T15:24:25+00:00","og_image":[{"width":1536,"height":2048,"url":"https:\/\/belshoop.be\/wp-content\/uploads\/2025\/11\/74d2619b-346a-4fb3-aaf2-f9871a10e021.jpeg","type":"image\/jpeg"}],"twitter_card":"summary_large_image","schema":{"@context":"https:\/\/schema.org","@graph":[{"@type":"WebPage","@id":"https:\/\/belshoop.be\/en\/produits\/faux-leather-jacket\/","url":"https:\/\/belshoop.be\/en\/produits\/faux-leather-jacket\/","name":"Faux Leather Jacket - belshop","isPartOf":{"@id":"https:\/\/belshoop.be\/en\/#website"},"primaryImageOfPage":{"@id":"https:\/\/belshoop.be\/en\/produits\/faux-leather-jacket\/#primaryimage"},"image":{"@id":"https:\/\/belshoop.be\/en\/produits\/faux-leather-jacket\/#primaryimage"},"thumbnailUrl":"https:\/\/belshoop.be\/wp-content\/uploads\/2025\/11\/74d2619b-346a-4fb3-aaf2-f9871a10e021.jpeg","datePublished":"2025-11-27T17:32:56+00:00","dateModified":"2025-12-03T15:24:25+00:00","breadcrumb":{"@id":"https:\/\/belshoop.be\/en\/produits\/faux-leather-jacket\/#breadcrumb"},"inLanguage":"en-US","potentialAction":[{"@type":"ReadAction","target":["https:\/\/belshoop.be\/en\/produits\/faux-leather-jacket\/"]}]},{"@type":"ImageObject","inLanguage":"en-US","@id":"https:\/\/belshoop.be\/en\/produits\/faux-leather-jacket\/#primaryimage","url":"https:\/\/belshoop.be\/wp-content\/uploads\/2025\/11\/74d2619b-346a-4fb3-aaf2-f9871a10e021.jpeg","contentUrl":"https:\/\/belshoop.be\/wp-content\/uploads\/2025\/11\/74d2619b-346a-4fb3-aaf2-f9871a10e021.jpeg","width":1536,"height":2048},{"@type":"BreadcrumbList","@id":"https:\/\/belshoop.be\/en\/produits\/faux-leather-jacket\/#breadcrumb","itemListElement":[{"@type":"ListItem","position":1,"name":"Accueil","item":"https:\/\/belshoop.be\/en\/"},{"@type":"ListItem","position":2,"name":"Products","item":"https:\/\/belshoop.be\/en\/shop\/"},{"@type":"ListItem","position":3,"name":"Faux Leather Jacket"}]},{"@type":"WebSite","@id":"https:\/\/belshoop.be\/en\/#website","url":"https:\/\/belshoop.be\/en\/","name":"belshop","description":"","potentialAction":[{"@type":"SearchAction","target":{"@type":"EntryPoint","urlTemplate":"https:\/\/belshoop.be\/en\/?s={search_term_string}"},"query-input":{"@type":"PropertyValueSpecification","valueRequired":true,"valueName":"search_term_string"}}],"inLanguage":"en-US"}]}},"jetpack_sharing_enabled":true,"_links":{"self":[{"href":"https:\/\/belshoop.be\/en\/wp-json\/wp\/v2\/product\/14323","targetHints":{"allow":["GET"]}}],"collection":[{"href":"https:\/\/belshoop.be\/en\/wp-json\/wp\/v2\/product"}],"about":[{"href":"https:\/\/belshoop.be\/en\/wp-json\/wp\/v2\/types\/product"}],"version-history":[{"count":1,"href":"https:\/\/belshoop.be\/en\/wp-json\/wp\/v2\/product\/14323\/revisions"}],"predecessor-version":[{"id":15490,"href":"https:\/\/belshoop.be\/en\/wp-json\/wp\/v2\/product\/14323\/revisions\/15490"}],"wp:featuredmedia":[{"embeddable":true,"href":"https:\/\/belshoop.be\/en\/wp-json\/wp\/v2\/media\/14244"}],"wp:attachment":[{"href":"https:\/\/belshoop.be\/en\/wp-json\/wp\/v2\/media?parent=14323"}],"wp:term":[{"taxonomy":"product_brand","embeddable":true,"href":"https:\/\/belshoop.be\/en\/wp-json\/wp\/v2\/product_brand?post=14323"},{"taxonomy":"product_cat","embeddable":true,"href":"https:\/\/belshoop.be\/en\/wp-json\/wp\/v2\/product_cat?post=14323"},{"taxonomy":"product_tag","embeddable":true,"href":"https:\/\/belshoop.be\/en\/wp-json\/wp\/v2\/product_tag?post=14323"}],"curies":[{"name":"wp","href":"https:\/\/api.w.org\/{rel}","templated":true}]}}