{"id":28033,"date":"2026-04-03T21:14:48","date_gmt":"2026-04-03T21:14:48","guid":{"rendered":"https:\/\/belshoop.be\/?post_type=product&#038;p=28033"},"modified":"2026-04-03T21:14:48","modified_gmt":"2026-04-03T21:14:48","slug":"t-shirt-basique-a-details-dentelle","status":"publish","type":"product","link":"https:\/\/belshoop.be\/en\/produits\/t-shirt-basique-a-details-dentelle\/","title":{"rendered":"T-shirt basique \u00e0 d\u00e9tails dentelle"},"content":{"rendered":"<p><strong data-start=\"78\" data-end=\"95\">Description :<\/strong><br \/>\nT-shirt \u00e9l\u00e9gant et confortable au style minimaliste.<br \/>\n<br data-start=\"95\" data-end=\"98\"><strong data-start=\"448\" data-end=\"475\">Information mannequin :<\/strong><br data-start=\"475\" data-end=\"478\">Le mannequin mesure <strong data-start=\"498\" data-end=\"506\">1m64<\/strong> et porte une <strong data-start=\"520\" data-end=\"532\">taille S<\/strong><\/p>\n","protected":false},"excerpt":{"rendered":"<p>Description : T-shirt \u00e9l\u00e9gant et confortable au style minimaliste. Information mannequin :Le mannequin mesure 1m64 et porte une taille S<\/p>\n","protected":false},"featured_media":28018,"template":"","meta":[],"product_brand":[],"product_cat":[544,464],"product_tag":[],"class_list":{"0":"post-28033","1":"product","2":"type-product","3":"status-publish","4":"has-post-thumbnail","6":"product_cat-t-shirts","7":"product_cat-top","8":"pa_size-l","9":"pa_size-m","10":"pa_size-s","12":"first","13":"instock","14":"shipping-taxable","15":"purchasable","16":"product-type-variable"},"yoast_head":"<!-- This site is optimized with the Yoast SEO plugin v26.1.1 - https:\/\/yoast.com\/wordpress\/plugins\/seo\/ -->\n<title>T-shirt basique \u00e0 d\u00e9tails dentelle - belshop<\/title>\n<meta name=\"robots\" content=\"index, follow, max-snippet:-1, max-image-preview:large, max-video-preview:-1\" \/>\n<link rel=\"canonical\" href=\"https:\/\/belshoop.be\/en\/produits\/t-shirt-basique-a-details-dentelle\/\" \/>\n<meta property=\"og:locale\" content=\"en_US\" \/>\n<meta property=\"og:type\" content=\"article\" \/>\n<meta property=\"og:title\" content=\"T-shirt basique \u00e0 d\u00e9tails dentelle - belshop\" \/>\n<meta property=\"og:description\" content=\"Description : T-shirt \u00e9l\u00e9gant et confortable au style minimaliste. Information mannequin :Le mannequin mesure 1m64 et porte une taille S\" \/>\n<meta property=\"og:url\" content=\"https:\/\/belshoop.be\/en\/produits\/t-shirt-basique-a-details-dentelle\/\" \/>\n<meta property=\"og:site_name\" content=\"belshop\" \/>\n<meta name=\"twitter:card\" content=\"summary_large_image\" \/>\n<script type=\"application\/ld+json\" class=\"yoast-schema-graph\">{\"@context\":\"https:\/\/schema.org\",\"@graph\":[{\"@type\":\"WebPage\",\"@id\":\"https:\/\/belshoop.be\/en\/produits\/t-shirt-basique-a-details-dentelle\/\",\"url\":\"https:\/\/belshoop.be\/en\/produits\/t-shirt-basique-a-details-dentelle\/\",\"name\":\"T-shirt basique \u00e0 d\u00e9tails dentelle - belshop\",\"isPartOf\":{\"@id\":\"https:\/\/belshoop.be\/en\/#website\"},\"primaryImageOfPage\":{\"@id\":\"https:\/\/belshoop.be\/en\/produits\/t-shirt-basique-a-details-dentelle\/#primaryimage\"},\"image\":{\"@id\":\"https:\/\/belshoop.be\/en\/produits\/t-shirt-basique-a-details-dentelle\/#primaryimage\"},\"thumbnailUrl\":\"https:\/\/belshoop.be\/wp-content\/uploads\/2026\/04\/WhatsApp-Image-2026-04-03-at-20.09.41.jpeg\",\"datePublished\":\"2026-04-03T21:14:48+00:00\",\"breadcrumb\":{\"@id\":\"https:\/\/belshoop.be\/en\/produits\/t-shirt-basique-a-details-dentelle\/#breadcrumb\"},\"inLanguage\":\"en-US\",\"potentialAction\":[{\"@type\":\"ReadAction\",\"target\":[\"https:\/\/belshoop.be\/en\/produits\/t-shirt-basique-a-details-dentelle\/\"]}]},{\"@type\":\"ImageObject\",\"inLanguage\":\"en-US\",\"@id\":\"https:\/\/belshoop.be\/en\/produits\/t-shirt-basique-a-details-dentelle\/#primaryimage\",\"url\":\"https:\/\/belshoop.be\/wp-content\/uploads\/2026\/04\/WhatsApp-Image-2026-04-03-at-20.09.41.jpeg\",\"contentUrl\":\"https:\/\/belshoop.be\/wp-content\/uploads\/2026\/04\/WhatsApp-Image-2026-04-03-at-20.09.41.jpeg\",\"width\":1536,\"height\":2048},{\"@type\":\"BreadcrumbList\",\"@id\":\"https:\/\/belshoop.be\/en\/produits\/t-shirt-basique-a-details-dentelle\/#breadcrumb\",\"itemListElement\":[{\"@type\":\"ListItem\",\"position\":1,\"name\":\"Accueil\",\"item\":\"https:\/\/belshoop.be\/en\/\"},{\"@type\":\"ListItem\",\"position\":2,\"name\":\"Products\",\"item\":\"https:\/\/belshoop.be\/en\/shop\/\"},{\"@type\":\"ListItem\",\"position\":3,\"name\":\"T-shirt basique \u00e0 d\u00e9tails dentelle\"}]},{\"@type\":\"WebSite\",\"@id\":\"https:\/\/belshoop.be\/en\/#website\",\"url\":\"https:\/\/belshoop.be\/en\/\",\"name\":\"belshop\",\"description\":\"\",\"potentialAction\":[{\"@type\":\"SearchAction\",\"target\":{\"@type\":\"EntryPoint\",\"urlTemplate\":\"https:\/\/belshoop.be\/en\/?s={search_term_string}\"},\"query-input\":{\"@type\":\"PropertyValueSpecification\",\"valueRequired\":true,\"valueName\":\"search_term_string\"}}],\"inLanguage\":\"en-US\"}]}<\/script>\n<!-- \/ Yoast SEO plugin. -->","yoast_head_json":{"title":"T-shirt basique \u00e0 d\u00e9tails dentelle - belshop","robots":{"index":"index","follow":"follow","max-snippet":"max-snippet:-1","max-image-preview":"max-image-preview:large","max-video-preview":"max-video-preview:-1"},"canonical":"https:\/\/belshoop.be\/en\/produits\/t-shirt-basique-a-details-dentelle\/","og_locale":"en_US","og_type":"article","og_title":"T-shirt basique \u00e0 d\u00e9tails dentelle - belshop","og_description":"Description : T-shirt \u00e9l\u00e9gant et confortable au style minimaliste. Information mannequin :Le mannequin mesure 1m64 et porte une taille S","og_url":"https:\/\/belshoop.be\/en\/produits\/t-shirt-basique-a-details-dentelle\/","og_site_name":"belshop","twitter_card":"summary_large_image","schema":{"@context":"https:\/\/schema.org","@graph":[{"@type":"WebPage","@id":"https:\/\/belshoop.be\/en\/produits\/t-shirt-basique-a-details-dentelle\/","url":"https:\/\/belshoop.be\/en\/produits\/t-shirt-basique-a-details-dentelle\/","name":"T-shirt basique \u00e0 d\u00e9tails dentelle - belshop","isPartOf":{"@id":"https:\/\/belshoop.be\/en\/#website"},"primaryImageOfPage":{"@id":"https:\/\/belshoop.be\/en\/produits\/t-shirt-basique-a-details-dentelle\/#primaryimage"},"image":{"@id":"https:\/\/belshoop.be\/en\/produits\/t-shirt-basique-a-details-dentelle\/#primaryimage"},"thumbnailUrl":"https:\/\/belshoop.be\/wp-content\/uploads\/2026\/04\/WhatsApp-Image-2026-04-03-at-20.09.41.jpeg","datePublished":"2026-04-03T21:14:48+00:00","breadcrumb":{"@id":"https:\/\/belshoop.be\/en\/produits\/t-shirt-basique-a-details-dentelle\/#breadcrumb"},"inLanguage":"en-US","potentialAction":[{"@type":"ReadAction","target":["https:\/\/belshoop.be\/en\/produits\/t-shirt-basique-a-details-dentelle\/"]}]},{"@type":"ImageObject","inLanguage":"en-US","@id":"https:\/\/belshoop.be\/en\/produits\/t-shirt-basique-a-details-dentelle\/#primaryimage","url":"https:\/\/belshoop.be\/wp-content\/uploads\/2026\/04\/WhatsApp-Image-2026-04-03-at-20.09.41.jpeg","contentUrl":"https:\/\/belshoop.be\/wp-content\/uploads\/2026\/04\/WhatsApp-Image-2026-04-03-at-20.09.41.jpeg","width":1536,"height":2048},{"@type":"BreadcrumbList","@id":"https:\/\/belshoop.be\/en\/produits\/t-shirt-basique-a-details-dentelle\/#breadcrumb","itemListElement":[{"@type":"ListItem","position":1,"name":"Accueil","item":"https:\/\/belshoop.be\/en\/"},{"@type":"ListItem","position":2,"name":"Products","item":"https:\/\/belshoop.be\/en\/shop\/"},{"@type":"ListItem","position":3,"name":"T-shirt basique \u00e0 d\u00e9tails dentelle"}]},{"@type":"WebSite","@id":"https:\/\/belshoop.be\/en\/#website","url":"https:\/\/belshoop.be\/en\/","name":"belshop","description":"","potentialAction":[{"@type":"SearchAction","target":{"@type":"EntryPoint","urlTemplate":"https:\/\/belshoop.be\/en\/?s={search_term_string}"},"query-input":{"@type":"PropertyValueSpecification","valueRequired":true,"valueName":"search_term_string"}}],"inLanguage":"en-US"}]}},"jetpack_sharing_enabled":true,"_links":{"self":[{"href":"https:\/\/belshoop.be\/en\/wp-json\/wp\/v2\/product\/28033","targetHints":{"allow":["GET"]}}],"collection":[{"href":"https:\/\/belshoop.be\/en\/wp-json\/wp\/v2\/product"}],"about":[{"href":"https:\/\/belshoop.be\/en\/wp-json\/wp\/v2\/types\/product"}],"version-history":[{"count":1,"href":"https:\/\/belshoop.be\/en\/wp-json\/wp\/v2\/product\/28033\/revisions"}],"predecessor-version":[{"id":28037,"href":"https:\/\/belshoop.be\/en\/wp-json\/wp\/v2\/product\/28033\/revisions\/28037"}],"wp:featuredmedia":[{"embeddable":true,"href":"https:\/\/belshoop.be\/en\/wp-json\/wp\/v2\/media\/28018"}],"wp:attachment":[{"href":"https:\/\/belshoop.be\/en\/wp-json\/wp\/v2\/media?parent=28033"}],"wp:term":[{"taxonomy":"product_brand","embeddable":true,"href":"https:\/\/belshoop.be\/en\/wp-json\/wp\/v2\/product_brand?post=28033"},{"taxonomy":"product_cat","embeddable":true,"href":"https:\/\/belshoop.be\/en\/wp-json\/wp\/v2\/product_cat?post=28033"},{"taxonomy":"product_tag","embeddable":true,"href":"https:\/\/belshoop.be\/en\/wp-json\/wp\/v2\/product_tag?post=28033"}],"curies":[{"name":"wp","href":"https:\/\/api.w.org\/{rel}","templated":true}]}}