{"id":10837,"date":"2025-10-31T17:07:45","date_gmt":"2025-10-31T17:07:45","guid":{"rendered":"https:\/\/belshoop.be\/?post_type=product&#038;p=10837"},"modified":"2025-10-31T17:07:45","modified_gmt":"2025-10-31T17:07:45","slug":"gebreide-set-met-polokraag","status":"publish","type":"product","link":"https:\/\/belshoop.be\/nl\/produits\/gebreide-set-met-polokraag\/","title":{"rendered":"Gebreide set met polokraag"},"content":{"rendered":"<article class=\"text-token-text-primary w-full focus:outline-none [--shadow-height:45px] has-data-writing-block:pointer-events-none has-data-writing-block:-mt-(--shadow-height) has-data-writing-block:pt-(--shadow-height) [&amp;:has([data-writing-block])&gt;*]:pointer-events-auto [content-visibility:auto] supports-[content-visibility:auto]:[contain-intrinsic-size:auto_100lvh] scroll-mt-[calc(var(--header-height)+min(200px,max(70px,20svh)))]\" dir=\"auto\" tabindex=\"-1\" data-turn-id=\"e65c615e-e420-4c2d-a61e-de1b529e80ab\" data-testid=\"conversation-turn-28\" data-scroll-anchor=\"true\" data-turn=\"assistant\">\n<div class=\"text-base my-auto mx-auto pb-10 [--thread-content-margin:--spacing(4)] thread-sm:[--thread-content-margin:--spacing(6)] thread-lg:[--thread-content-margin:--spacing(16)] px-(--thread-content-margin)\">\n<div class=\"[--thread-content-max-width:40rem] thread-lg:[--thread-content-max-width:48rem] mx-auto max-w-(--thread-content-max-width) flex-1 group\/turn-messages focus-visible:outline-hidden relative flex w-full min-w-0 flex-col agent-turn\" tabindex=\"-1\">\n<div class=\"flex max-w-full flex-col grow\">\n<div class=\"min-h-8 text-message relative flex w-full flex-col items-end gap-2 text-start break-words whitespace-normal [.text-message+&amp;]:mt-1\" dir=\"auto\" data-message-author-role=\"assistant\" data-message-id=\"e65c615e-e420-4c2d-a61e-de1b529e80ab\" data-message-model-slug=\"gpt-5\">\n<div class=\"flex w-full flex-col gap-1 empty:hidden first:pt-[1px]\">\n<div class=\"markdown prose dark:prose-invert w-full break-words dark markdown-new-styling\">\n<p data-start=\"42\" data-end=\"322\"><strong data-start=\"42\" data-end=\"59\">Description :<\/strong><br data-start=\"59\" data-end=\"62\">Ensemble en maille douce compos\u00e9 d\u2019un haut \u00e0 col polo et d\u2019un pantalon fluide \u00e0 taille \u00e9lastique. Confortable et \u00e9l\u00e9gant, il offre une coupe d\u00e9contract\u00e9e tout en conservant une allure soign\u00e9e. Une tenue parfaite pour un look chic et minimaliste au quotidien.  <\/p>\n<p data-start=\"324\" data-end=\"392\">Samenstelling:<br data-start=\"341\" data-end=\"344\">58% viscose \u2013 27% polyester \u2013 15% polyamide<\/p>\n<p data-start=\"394\" data-end=\"471\" data-is-last-node=\"\" data-is-only-node=\"\">Modeldetails:<br data-start=\"417\" data-end=\"420\">Het model is 1,58 m lang en draagt maat S\/M.<\/p>\n<\/div>\n<\/div>\n<\/div>\n<\/div>\n<div class=\"z-0 flex min-h-[46px] justify-start\"><\/div>\n<\/div>\n<\/div>\n<\/article>\n<div class=\"pointer-events-none h-px w-px\" aria-hidden=\"true\" data-edge=\"true\"><\/div>\n","protected":false},"excerpt":{"rendered":"<p>Description :Ensemble en maille douce compos\u00e9 d\u2019un haut \u00e0 col polo et d\u2019un pantalon fluide \u00e0 taille \u00e9lastique. Confortable et \u00e9l\u00e9gant, il offre une coupe d\u00e9contract\u00e9e tout en conservant une allure soign\u00e9e. Une tenue parfaite pour un look chic et minimaliste au quotidien. Samenstelling:58% viscose \u2013 27% polyester \u2013 15% polyamide Modeldetails:Het model is 1,58 [&hellip;]<\/p>\n","protected":false},"featured_media":10595,"template":"","meta":[],"product_brand":[],"product_cat":[492],"product_tag":[],"class_list":{"0":"post-10837","1":"product","2":"type-product","3":"status-publish","4":"has-post-thumbnail","6":"product_cat-set","7":"pa_color-bordeau","8":"pa_color-black","9":"pa_color-brown","10":"pa_size-l-xl","11":"pa_size-m-l","12":"pa_size-s-m","14":"first","15":"instock","16":"shipping-taxable","17":"purchasable","18":"product-type-variable"},"yoast_head":"<!-- This site is optimized with the Yoast SEO plugin v26.1.1 - https:\/\/yoast.com\/wordpress\/plugins\/seo\/ -->\n<title>Gebreide set met polokraag - belshop<\/title>\n<meta name=\"robots\" content=\"index, follow, max-snippet:-1, max-image-preview:large, max-video-preview:-1\" \/>\n<link rel=\"canonical\" href=\"https:\/\/belshoop.be\/nl\/produits\/gebreide-set-met-polokraag\/\" \/>\n<meta property=\"og:locale\" content=\"nl_NL\" \/>\n<meta property=\"og:type\" content=\"article\" \/>\n<meta property=\"og:title\" content=\"Gebreide set met polokraag - belshop\" \/>\n<meta property=\"og:description\" content=\"Description :Ensemble en maille douce compos\u00e9 d\u2019un haut \u00e0 col polo et d\u2019un pantalon fluide \u00e0 taille \u00e9lastique. Confortable et \u00e9l\u00e9gant, il offre une coupe d\u00e9contract\u00e9e tout en conservant une allure soign\u00e9e. Une tenue parfaite pour un look chic et minimaliste au quotidien. Samenstelling:58% viscose \u2013 27% polyester \u2013 15% polyamide Modeldetails:Het model is 1,58 [&hellip;]\" \/>\n<meta property=\"og:url\" content=\"https:\/\/belshoop.be\/nl\/produits\/gebreide-set-met-polokraag\/\" \/>\n<meta property=\"og:site_name\" content=\"belshop\" \/>\n<meta property=\"og:image\" content=\"https:\/\/belshoop.be\/wp-content\/uploads\/2025\/10\/IMG_7842-scaled.jpeg\" \/>\n\t<meta property=\"og:image:width\" content=\"1920\" \/>\n\t<meta property=\"og:image:height\" content=\"2560\" \/>\n\t<meta property=\"og:image:type\" content=\"image\/jpeg\" \/>\n<meta name=\"twitter:card\" content=\"summary_large_image\" \/>\n<script type=\"application\/ld+json\" class=\"yoast-schema-graph\">{\"@context\":\"https:\/\/schema.org\",\"@graph\":[{\"@type\":\"WebPage\",\"@id\":\"https:\/\/belshoop.be\/nl\/produits\/gebreide-set-met-polokraag\/\",\"url\":\"https:\/\/belshoop.be\/nl\/produits\/gebreide-set-met-polokraag\/\",\"name\":\"Gebreide set met polokraag - belshop\",\"isPartOf\":{\"@id\":\"https:\/\/belshoop.be\/nl\/#website\"},\"primaryImageOfPage\":{\"@id\":\"https:\/\/belshoop.be\/nl\/produits\/gebreide-set-met-polokraag\/#primaryimage\"},\"image\":{\"@id\":\"https:\/\/belshoop.be\/nl\/produits\/gebreide-set-met-polokraag\/#primaryimage\"},\"thumbnailUrl\":\"https:\/\/belshoop.be\/wp-content\/uploads\/2025\/10\/IMG_7842-scaled.jpeg\",\"datePublished\":\"2025-10-31T17:07:45+00:00\",\"breadcrumb\":{\"@id\":\"https:\/\/belshoop.be\/nl\/produits\/gebreide-set-met-polokraag\/#breadcrumb\"},\"inLanguage\":\"nl-NL\",\"potentialAction\":[{\"@type\":\"ReadAction\",\"target\":[\"https:\/\/belshoop.be\/nl\/produits\/gebreide-set-met-polokraag\/\"]}]},{\"@type\":\"ImageObject\",\"inLanguage\":\"nl-NL\",\"@id\":\"https:\/\/belshoop.be\/nl\/produits\/gebreide-set-met-polokraag\/#primaryimage\",\"url\":\"https:\/\/belshoop.be\/wp-content\/uploads\/2025\/10\/IMG_7842-scaled.jpeg\",\"contentUrl\":\"https:\/\/belshoop.be\/wp-content\/uploads\/2025\/10\/IMG_7842-scaled.jpeg\",\"width\":1920,\"height\":2560},{\"@type\":\"BreadcrumbList\",\"@id\":\"https:\/\/belshoop.be\/nl\/produits\/gebreide-set-met-polokraag\/#breadcrumb\",\"itemListElement\":[{\"@type\":\"ListItem\",\"position\":1,\"name\":\"Accueil\",\"item\":\"https:\/\/belshoop.be\/nl\/\"},{\"@type\":\"ListItem\",\"position\":2,\"name\":\"Producten\",\"item\":\"https:\/\/belshoop.be\/nl\/shop\/\"},{\"@type\":\"ListItem\",\"position\":3,\"name\":\"Gebreide set met polokraag\"}]},{\"@type\":\"WebSite\",\"@id\":\"https:\/\/belshoop.be\/nl\/#website\",\"url\":\"https:\/\/belshoop.be\/nl\/\",\"name\":\"belshop\",\"description\":\"\",\"potentialAction\":[{\"@type\":\"SearchAction\",\"target\":{\"@type\":\"EntryPoint\",\"urlTemplate\":\"https:\/\/belshoop.be\/nl\/?s={search_term_string}\"},\"query-input\":{\"@type\":\"PropertyValueSpecification\",\"valueRequired\":true,\"valueName\":\"search_term_string\"}}],\"inLanguage\":\"nl-NL\"}]}<\/script>\n<!-- \/ Yoast SEO plugin. -->","yoast_head_json":{"title":"Gebreide set met polokraag - belshop","robots":{"index":"index","follow":"follow","max-snippet":"max-snippet:-1","max-image-preview":"max-image-preview:large","max-video-preview":"max-video-preview:-1"},"canonical":"https:\/\/belshoop.be\/nl\/produits\/gebreide-set-met-polokraag\/","og_locale":"nl_NL","og_type":"article","og_title":"Gebreide set met polokraag - belshop","og_description":"Description :Ensemble en maille douce compos\u00e9 d\u2019un haut \u00e0 col polo et d\u2019un pantalon fluide \u00e0 taille \u00e9lastique. Confortable et \u00e9l\u00e9gant, il offre une coupe d\u00e9contract\u00e9e tout en conservant une allure soign\u00e9e. Une tenue parfaite pour un look chic et minimaliste au quotidien. Samenstelling:58% viscose \u2013 27% polyester \u2013 15% polyamide Modeldetails:Het model is 1,58 [&hellip;]","og_url":"https:\/\/belshoop.be\/nl\/produits\/gebreide-set-met-polokraag\/","og_site_name":"belshop","og_image":[{"width":1920,"height":2560,"url":"https:\/\/belshoop.be\/wp-content\/uploads\/2025\/10\/IMG_7842-scaled.jpeg","type":"image\/jpeg"}],"twitter_card":"summary_large_image","schema":{"@context":"https:\/\/schema.org","@graph":[{"@type":"WebPage","@id":"https:\/\/belshoop.be\/nl\/produits\/gebreide-set-met-polokraag\/","url":"https:\/\/belshoop.be\/nl\/produits\/gebreide-set-met-polokraag\/","name":"Gebreide set met polokraag - belshop","isPartOf":{"@id":"https:\/\/belshoop.be\/nl\/#website"},"primaryImageOfPage":{"@id":"https:\/\/belshoop.be\/nl\/produits\/gebreide-set-met-polokraag\/#primaryimage"},"image":{"@id":"https:\/\/belshoop.be\/nl\/produits\/gebreide-set-met-polokraag\/#primaryimage"},"thumbnailUrl":"https:\/\/belshoop.be\/wp-content\/uploads\/2025\/10\/IMG_7842-scaled.jpeg","datePublished":"2025-10-31T17:07:45+00:00","breadcrumb":{"@id":"https:\/\/belshoop.be\/nl\/produits\/gebreide-set-met-polokraag\/#breadcrumb"},"inLanguage":"nl-NL","potentialAction":[{"@type":"ReadAction","target":["https:\/\/belshoop.be\/nl\/produits\/gebreide-set-met-polokraag\/"]}]},{"@type":"ImageObject","inLanguage":"nl-NL","@id":"https:\/\/belshoop.be\/nl\/produits\/gebreide-set-met-polokraag\/#primaryimage","url":"https:\/\/belshoop.be\/wp-content\/uploads\/2025\/10\/IMG_7842-scaled.jpeg","contentUrl":"https:\/\/belshoop.be\/wp-content\/uploads\/2025\/10\/IMG_7842-scaled.jpeg","width":1920,"height":2560},{"@type":"BreadcrumbList","@id":"https:\/\/belshoop.be\/nl\/produits\/gebreide-set-met-polokraag\/#breadcrumb","itemListElement":[{"@type":"ListItem","position":1,"name":"Accueil","item":"https:\/\/belshoop.be\/nl\/"},{"@type":"ListItem","position":2,"name":"Producten","item":"https:\/\/belshoop.be\/nl\/shop\/"},{"@type":"ListItem","position":3,"name":"Gebreide set met polokraag"}]},{"@type":"WebSite","@id":"https:\/\/belshoop.be\/nl\/#website","url":"https:\/\/belshoop.be\/nl\/","name":"belshop","description":"","potentialAction":[{"@type":"SearchAction","target":{"@type":"EntryPoint","urlTemplate":"https:\/\/belshoop.be\/nl\/?s={search_term_string}"},"query-input":{"@type":"PropertyValueSpecification","valueRequired":true,"valueName":"search_term_string"}}],"inLanguage":"nl-NL"}]}},"jetpack_sharing_enabled":true,"_links":{"self":[{"href":"https:\/\/belshoop.be\/nl\/wp-json\/wp\/v2\/product\/10837","targetHints":{"allow":["GET"]}}],"collection":[{"href":"https:\/\/belshoop.be\/nl\/wp-json\/wp\/v2\/product"}],"about":[{"href":"https:\/\/belshoop.be\/nl\/wp-json\/wp\/v2\/types\/product"}],"version-history":[{"count":1,"href":"https:\/\/belshoop.be\/nl\/wp-json\/wp\/v2\/product\/10837\/revisions"}],"predecessor-version":[{"id":11066,"href":"https:\/\/belshoop.be\/nl\/wp-json\/wp\/v2\/product\/10837\/revisions\/11066"}],"wp:featuredmedia":[{"embeddable":true,"href":"https:\/\/belshoop.be\/nl\/wp-json\/wp\/v2\/media\/10595"}],"wp:attachment":[{"href":"https:\/\/belshoop.be\/nl\/wp-json\/wp\/v2\/media?parent=10837"}],"wp:term":[{"taxonomy":"product_brand","embeddable":true,"href":"https:\/\/belshoop.be\/nl\/wp-json\/wp\/v2\/product_brand?post=10837"},{"taxonomy":"product_cat","embeddable":true,"href":"https:\/\/belshoop.be\/nl\/wp-json\/wp\/v2\/product_cat?post=10837"},{"taxonomy":"product_tag","embeddable":true,"href":"https:\/\/belshoop.be\/nl\/wp-json\/wp\/v2\/product_tag?post=10837"}],"curies":[{"name":"wp","href":"https:\/\/api.w.org\/{rel}","templated":true}]}}