{"id":22334,"date":"2026-02-12T18:10:51","date_gmt":"2026-02-12T18:10:51","guid":{"rendered":"https:\/\/belshoop.be\/?post_type=product&#038;p=22334"},"modified":"2026-02-17T20:23:11","modified_gmt":"2026-02-17T20:23:11","slug":"lange-cape-met-knopen","status":"publish","type":"product","link":"https:\/\/belshoop.be\/nl\/produits\/lange-cape-met-knopen\/","title":{"rendered":"Lange cape met knopen<br>"},"content":{"rendered":"<p data-start=\"58\" data-end=\"430\"><strong data-start=\"58\" data-end=\"75\">Description :<\/strong><br data-start=\"75\" data-end=\"78\">Cape \u00e9l\u00e9gante \u00e0 la coupe structur\u00e9e et raffin\u00e9e. Fermeture boutonn\u00e9e sur le devant avec col montant pour une allure moderne et sophistiqu\u00e9e. Coupe droite offrant un tomb\u00e9 fluide et confortable. D\u00e9tails soign\u00e9s aux manches et poches discr\u00e8tes pour une finition \u00e9pur\u00e9e et pratique. Id\u00e9ale pour compl\u00e9ter une tenue habill\u00e9e ou rehausser un look quotidien.<\/p>\n<p data-start=\"432\" data-end=\"498\">Samenstelling :<br data-start=\"449\" data-end=\"452\">\u2022 38% Polyester<br data-start=\"467\" data-end=\"470\">\u2022 31% Katoen<br data-start=\"481\" data-end=\"484\">\u2022 31% Tencel<\/p>\n<p data-start=\"500\" data-end=\"582\" data-is-last-node=\"\" data-is-only-node=\"\">Modelinformatie:<br data-start=\"527\" data-end=\"530\">Het model is 1m68 en draagt een one size.<\/p>\n","protected":false},"excerpt":{"rendered":"<p>Description :Cape \u00e9l\u00e9gante \u00e0 la coupe structur\u00e9e et raffin\u00e9e. Fermeture boutonn\u00e9e sur le devant avec col montant pour une allure moderne et sophistiqu\u00e9e. Coupe droite offrant un tomb\u00e9 fluide et confortable. D\u00e9tails soign\u00e9s aux manches et poches discr\u00e8tes pour une finition \u00e9pur\u00e9e et pratique. Id\u00e9ale pour compl\u00e9ter une tenue habill\u00e9e ou rehausser un look quotidien. [&hellip;]<\/p>\n","protected":false},"featured_media":22464,"template":"","meta":[],"product_brand":[],"product_cat":[430,420],"product_tag":[],"class_list":{"0":"post-22334","1":"product","2":"type-product","3":"status-publish","4":"has-post-thumbnail","6":"product_cat-jas","7":"product_cat-jassen","9":"first","10":"outofstock","11":"shipping-taxable","12":"purchasable","13":"product-type-simple"},"yoast_head":"<!-- This site is optimized with the Yoast SEO plugin v26.1.1 - https:\/\/yoast.com\/wordpress\/plugins\/seo\/ -->\n<title>Lange cape met knopen - belshop<\/title>\n<meta name=\"robots\" content=\"index, follow, max-snippet:-1, max-image-preview:large, max-video-preview:-1\" \/>\n<link rel=\"canonical\" href=\"https:\/\/belshoop.be\/nl\/produits\/lange-cape-met-knopen\/\" \/>\n<meta property=\"og:locale\" content=\"nl_NL\" \/>\n<meta property=\"og:type\" content=\"article\" \/>\n<meta property=\"og:title\" content=\"Lange cape met knopen - belshop\" \/>\n<meta property=\"og:description\" content=\"Description :Cape \u00e9l\u00e9gante \u00e0 la coupe structur\u00e9e et raffin\u00e9e. Fermeture boutonn\u00e9e sur le devant avec col montant pour une allure moderne et sophistiqu\u00e9e. Coupe droite offrant un tomb\u00e9 fluide et confortable. D\u00e9tails soign\u00e9s aux manches et poches discr\u00e8tes pour une finition \u00e9pur\u00e9e et pratique. Id\u00e9ale pour compl\u00e9ter une tenue habill\u00e9e ou rehausser un look quotidien. [&hellip;]\" \/>\n<meta property=\"og:url\" content=\"https:\/\/belshoop.be\/nl\/produits\/lange-cape-met-knopen\/\" \/>\n<meta property=\"og:site_name\" content=\"belshop\" \/>\n<meta property=\"article:modified_time\" content=\"2026-02-17T20:23:11+00:00\" \/>\n<meta property=\"og:image\" content=\"https:\/\/belshoop.be\/wp-content\/uploads\/2026\/02\/75624130-036d-4487-bc06-1c0fc265f9e3.jpeg\" \/>\n\t<meta property=\"og:image:width\" content=\"1536\" \/>\n\t<meta property=\"og:image:height\" content=\"2048\" \/>\n\t<meta property=\"og:image:type\" content=\"image\/jpeg\" \/>\n<meta name=\"twitter:card\" content=\"summary_large_image\" \/>\n<script type=\"application\/ld+json\" class=\"yoast-schema-graph\">{\"@context\":\"https:\/\/schema.org\",\"@graph\":[{\"@type\":\"WebPage\",\"@id\":\"https:\/\/belshoop.be\/nl\/produits\/lange-cape-met-knopen\/\",\"url\":\"https:\/\/belshoop.be\/nl\/produits\/lange-cape-met-knopen\/\",\"name\":\"Lange cape met knopen - belshop\",\"isPartOf\":{\"@id\":\"https:\/\/belshoop.be\/nl\/#website\"},\"primaryImageOfPage\":{\"@id\":\"https:\/\/belshoop.be\/nl\/produits\/lange-cape-met-knopen\/#primaryimage\"},\"image\":{\"@id\":\"https:\/\/belshoop.be\/nl\/produits\/lange-cape-met-knopen\/#primaryimage\"},\"thumbnailUrl\":\"https:\/\/belshoop.be\/wp-content\/uploads\/2026\/02\/75624130-036d-4487-bc06-1c0fc265f9e3.jpeg\",\"datePublished\":\"2026-02-12T18:10:51+00:00\",\"dateModified\":\"2026-02-17T20:23:11+00:00\",\"breadcrumb\":{\"@id\":\"https:\/\/belshoop.be\/nl\/produits\/lange-cape-met-knopen\/#breadcrumb\"},\"inLanguage\":\"nl-NL\",\"potentialAction\":[{\"@type\":\"ReadAction\",\"target\":[\"https:\/\/belshoop.be\/nl\/produits\/lange-cape-met-knopen\/\"]}]},{\"@type\":\"ImageObject\",\"inLanguage\":\"nl-NL\",\"@id\":\"https:\/\/belshoop.be\/nl\/produits\/lange-cape-met-knopen\/#primaryimage\",\"url\":\"https:\/\/belshoop.be\/wp-content\/uploads\/2026\/02\/75624130-036d-4487-bc06-1c0fc265f9e3.jpeg\",\"contentUrl\":\"https:\/\/belshoop.be\/wp-content\/uploads\/2026\/02\/75624130-036d-4487-bc06-1c0fc265f9e3.jpeg\",\"width\":1536,\"height\":2048},{\"@type\":\"BreadcrumbList\",\"@id\":\"https:\/\/belshoop.be\/nl\/produits\/lange-cape-met-knopen\/#breadcrumb\",\"itemListElement\":[{\"@type\":\"ListItem\",\"position\":1,\"name\":\"Accueil\",\"item\":\"https:\/\/belshoop.be\/nl\/\"},{\"@type\":\"ListItem\",\"position\":2,\"name\":\"Producten\",\"item\":\"https:\/\/belshoop.be\/nl\/shop\/\"},{\"@type\":\"ListItem\",\"position\":3,\"name\":\"Lange cape met knopen\"}]},{\"@type\":\"WebSite\",\"@id\":\"https:\/\/belshoop.be\/nl\/#website\",\"url\":\"https:\/\/belshoop.be\/nl\/\",\"name\":\"belshop\",\"description\":\"\",\"potentialAction\":[{\"@type\":\"SearchAction\",\"target\":{\"@type\":\"EntryPoint\",\"urlTemplate\":\"https:\/\/belshoop.be\/nl\/?s={search_term_string}\"},\"query-input\":{\"@type\":\"PropertyValueSpecification\",\"valueRequired\":true,\"valueName\":\"search_term_string\"}}],\"inLanguage\":\"nl-NL\"}]}<\/script>\n<!-- \/ Yoast SEO plugin. -->","yoast_head_json":{"title":"Lange cape met knopen - belshop","robots":{"index":"index","follow":"follow","max-snippet":"max-snippet:-1","max-image-preview":"max-image-preview:large","max-video-preview":"max-video-preview:-1"},"canonical":"https:\/\/belshoop.be\/nl\/produits\/lange-cape-met-knopen\/","og_locale":"nl_NL","og_type":"article","og_title":"Lange cape met knopen - belshop","og_description":"Description :Cape \u00e9l\u00e9gante \u00e0 la coupe structur\u00e9e et raffin\u00e9e. Fermeture boutonn\u00e9e sur le devant avec col montant pour une allure moderne et sophistiqu\u00e9e. Coupe droite offrant un tomb\u00e9 fluide et confortable. D\u00e9tails soign\u00e9s aux manches et poches discr\u00e8tes pour une finition \u00e9pur\u00e9e et pratique. Id\u00e9ale pour compl\u00e9ter une tenue habill\u00e9e ou rehausser un look quotidien. [&hellip;]","og_url":"https:\/\/belshoop.be\/nl\/produits\/lange-cape-met-knopen\/","og_site_name":"belshop","article_modified_time":"2026-02-17T20:23:11+00:00","og_image":[{"width":1536,"height":2048,"url":"https:\/\/belshoop.be\/wp-content\/uploads\/2026\/02\/75624130-036d-4487-bc06-1c0fc265f9e3.jpeg","type":"image\/jpeg"}],"twitter_card":"summary_large_image","schema":{"@context":"https:\/\/schema.org","@graph":[{"@type":"WebPage","@id":"https:\/\/belshoop.be\/nl\/produits\/lange-cape-met-knopen\/","url":"https:\/\/belshoop.be\/nl\/produits\/lange-cape-met-knopen\/","name":"Lange cape met knopen - belshop","isPartOf":{"@id":"https:\/\/belshoop.be\/nl\/#website"},"primaryImageOfPage":{"@id":"https:\/\/belshoop.be\/nl\/produits\/lange-cape-met-knopen\/#primaryimage"},"image":{"@id":"https:\/\/belshoop.be\/nl\/produits\/lange-cape-met-knopen\/#primaryimage"},"thumbnailUrl":"https:\/\/belshoop.be\/wp-content\/uploads\/2026\/02\/75624130-036d-4487-bc06-1c0fc265f9e3.jpeg","datePublished":"2026-02-12T18:10:51+00:00","dateModified":"2026-02-17T20:23:11+00:00","breadcrumb":{"@id":"https:\/\/belshoop.be\/nl\/produits\/lange-cape-met-knopen\/#breadcrumb"},"inLanguage":"nl-NL","potentialAction":[{"@type":"ReadAction","target":["https:\/\/belshoop.be\/nl\/produits\/lange-cape-met-knopen\/"]}]},{"@type":"ImageObject","inLanguage":"nl-NL","@id":"https:\/\/belshoop.be\/nl\/produits\/lange-cape-met-knopen\/#primaryimage","url":"https:\/\/belshoop.be\/wp-content\/uploads\/2026\/02\/75624130-036d-4487-bc06-1c0fc265f9e3.jpeg","contentUrl":"https:\/\/belshoop.be\/wp-content\/uploads\/2026\/02\/75624130-036d-4487-bc06-1c0fc265f9e3.jpeg","width":1536,"height":2048},{"@type":"BreadcrumbList","@id":"https:\/\/belshoop.be\/nl\/produits\/lange-cape-met-knopen\/#breadcrumb","itemListElement":[{"@type":"ListItem","position":1,"name":"Accueil","item":"https:\/\/belshoop.be\/nl\/"},{"@type":"ListItem","position":2,"name":"Producten","item":"https:\/\/belshoop.be\/nl\/shop\/"},{"@type":"ListItem","position":3,"name":"Lange cape met knopen"}]},{"@type":"WebSite","@id":"https:\/\/belshoop.be\/nl\/#website","url":"https:\/\/belshoop.be\/nl\/","name":"belshop","description":"","potentialAction":[{"@type":"SearchAction","target":{"@type":"EntryPoint","urlTemplate":"https:\/\/belshoop.be\/nl\/?s={search_term_string}"},"query-input":{"@type":"PropertyValueSpecification","valueRequired":true,"valueName":"search_term_string"}}],"inLanguage":"nl-NL"}]}},"jetpack_sharing_enabled":true,"_links":{"self":[{"href":"https:\/\/belshoop.be\/nl\/wp-json\/wp\/v2\/product\/22334","targetHints":{"allow":["GET"]}}],"collection":[{"href":"https:\/\/belshoop.be\/nl\/wp-json\/wp\/v2\/product"}],"about":[{"href":"https:\/\/belshoop.be\/nl\/wp-json\/wp\/v2\/types\/product"}],"version-history":[{"count":2,"href":"https:\/\/belshoop.be\/nl\/wp-json\/wp\/v2\/product\/22334\/revisions"}],"predecessor-version":[{"id":22495,"href":"https:\/\/belshoop.be\/nl\/wp-json\/wp\/v2\/product\/22334\/revisions\/22495"}],"wp:featuredmedia":[{"embeddable":true,"href":"https:\/\/belshoop.be\/nl\/wp-json\/wp\/v2\/media\/22464"}],"wp:attachment":[{"href":"https:\/\/belshoop.be\/nl\/wp-json\/wp\/v2\/media?parent=22334"}],"wp:term":[{"taxonomy":"product_brand","embeddable":true,"href":"https:\/\/belshoop.be\/nl\/wp-json\/wp\/v2\/product_brand?post=22334"},{"taxonomy":"product_cat","embeddable":true,"href":"https:\/\/belshoop.be\/nl\/wp-json\/wp\/v2\/product_cat?post=22334"},{"taxonomy":"product_tag","embeddable":true,"href":"https:\/\/belshoop.be\/nl\/wp-json\/wp\/v2\/product_tag?post=22334"}],"curies":[{"name":"wp","href":"https:\/\/api.w.org\/{rel}","templated":true}]}}