{"id":23282,"date":"2026-02-27T17:07:41","date_gmt":"2026-02-27T17:07:41","guid":{"rendered":"https:\/\/belshoop.be\/?post_type=product&#038;p=23282"},"modified":"2026-03-22T21:12:29","modified_gmt":"2026-03-22T21:12:29","slug":"pantalon-fluide","status":"publish","type":"product","link":"https:\/\/belshoop.be\/nl\/produits\/pantalon-fluide\/","title":{"rendered":"Pantalon fluide"},"content":{"rendered":"<p data-start=\"300\" data-end=\"530\"><strong data-start=\"300\" data-end=\"317\">Description :<\/strong><br data-start=\"317\" data-end=\"320\">Pantalon fluide \u00e0 coupe droite et confortable avec taille \u00e9lastique et lien \u00e0 nouer.<br data-start=\"409\" data-end=\"412\">Sa mati\u00e8re l\u00e9g\u00e8re apporte \u00e9l\u00e9gance et libert\u00e9 de mouvement.<br data-start=\"471\" data-end=\"474\">Id\u00e9al pour un look chic quotidien ou une tenue habill\u00e9e.<\/p>\n<p data-start=\"532\" data-end=\"587\">Samenstelling :<br data-start=\"549\" data-end=\"552\">\u2022 97% Polyester<br data-start=\"567\" data-end=\"570\">\u2022 3% Elastaan<\/p>\n<p data-start=\"532\" data-end=\"587\">Modelinformatie :<br data-start=\"647\" data-end=\"650\">Het model is 1m58 lang en draagt maat S.<\/p>\n<p data-start=\"300\" data-end=\"530\">\n","protected":false},"excerpt":{"rendered":"<p>Description :Pantalon fluide \u00e0 coupe droite et confortable avec taille \u00e9lastique et lien \u00e0 nouer.Sa mati\u00e8re l\u00e9g\u00e8re apporte \u00e9l\u00e9gance et libert\u00e9 de mouvement.Id\u00e9al pour un look chic quotidien ou une tenue habill\u00e9e. Samenstelling :\u2022 97% Polyester\u2022 3% Elastaan Modelinformatie :Het model is 1m58 lang en draagt maat S.<\/p>\n","protected":false},"featured_media":23529,"template":"","meta":[],"product_brand":[],"product_cat":[486],"product_tag":[],"class_list":{"0":"post-23282","1":"product","2":"type-product","3":"status-publish","4":"has-post-thumbnail","6":"product_cat-broeken","7":"pa_color-taupe","8":"pa_color-black","9":"pa_color-brown","10":"pa_size-l","11":"pa_size-m","12":"pa_size-s","13":"pa_size-xl","15":"first","16":"instock","17":"shipping-taxable","18":"purchasable","19":"product-type-variable"},"yoast_head":"<!-- This site is optimized with the Yoast SEO plugin v26.1.1 - https:\/\/yoast.com\/wordpress\/plugins\/seo\/ -->\n<title>Pantalon fluide - belshop<\/title>\n<meta name=\"robots\" content=\"index, follow, max-snippet:-1, max-image-preview:large, max-video-preview:-1\" \/>\n<link rel=\"canonical\" href=\"https:\/\/belshoop.be\/nl\/produits\/pantalon-fluide\/\" \/>\n<meta property=\"og:locale\" content=\"nl_NL\" \/>\n<meta property=\"og:type\" content=\"article\" \/>\n<meta property=\"og:title\" content=\"Pantalon fluide - belshop\" \/>\n<meta property=\"og:description\" content=\"Description :Pantalon fluide \u00e0 coupe droite et confortable avec taille \u00e9lastique et lien \u00e0 nouer.Sa mati\u00e8re l\u00e9g\u00e8re apporte \u00e9l\u00e9gance et libert\u00e9 de mouvement.Id\u00e9al pour un look chic quotidien ou une tenue habill\u00e9e. Samenstelling :\u2022 97% Polyester\u2022 3% Elastaan Modelinformatie :Het model is 1m58 lang en draagt maat S.\" \/>\n<meta property=\"og:url\" content=\"https:\/\/belshoop.be\/nl\/produits\/pantalon-fluide\/\" \/>\n<meta property=\"og:site_name\" content=\"belshop\" \/>\n<meta property=\"article:modified_time\" content=\"2026-03-22T21:12:29+00:00\" \/>\n<meta property=\"og:image\" content=\"https:\/\/belshoop.be\/wp-content\/uploads\/2026\/02\/IMG_1707.JPG-scaled.jpeg\" \/>\n\t<meta property=\"og:image:width\" content=\"1920\" \/>\n\t<meta property=\"og:image:height\" content=\"2560\" \/>\n\t<meta property=\"og:image:type\" content=\"image\/jpeg\" \/>\n<meta name=\"twitter:card\" content=\"summary_large_image\" \/>\n<script type=\"application\/ld+json\" class=\"yoast-schema-graph\">{\"@context\":\"https:\/\/schema.org\",\"@graph\":[{\"@type\":\"WebPage\",\"@id\":\"https:\/\/belshoop.be\/nl\/produits\/pantalon-fluide\/\",\"url\":\"https:\/\/belshoop.be\/nl\/produits\/pantalon-fluide\/\",\"name\":\"Pantalon fluide - belshop\",\"isPartOf\":{\"@id\":\"https:\/\/belshoop.be\/nl\/#website\"},\"primaryImageOfPage\":{\"@id\":\"https:\/\/belshoop.be\/nl\/produits\/pantalon-fluide\/#primaryimage\"},\"image\":{\"@id\":\"https:\/\/belshoop.be\/nl\/produits\/pantalon-fluide\/#primaryimage\"},\"thumbnailUrl\":\"https:\/\/belshoop.be\/wp-content\/uploads\/2026\/02\/IMG_1707.JPG-scaled.jpeg\",\"datePublished\":\"2026-02-27T17:07:41+00:00\",\"dateModified\":\"2026-03-22T21:12:29+00:00\",\"breadcrumb\":{\"@id\":\"https:\/\/belshoop.be\/nl\/produits\/pantalon-fluide\/#breadcrumb\"},\"inLanguage\":\"nl-NL\",\"potentialAction\":[{\"@type\":\"ReadAction\",\"target\":[\"https:\/\/belshoop.be\/nl\/produits\/pantalon-fluide\/\"]}]},{\"@type\":\"ImageObject\",\"inLanguage\":\"nl-NL\",\"@id\":\"https:\/\/belshoop.be\/nl\/produits\/pantalon-fluide\/#primaryimage\",\"url\":\"https:\/\/belshoop.be\/wp-content\/uploads\/2026\/02\/IMG_1707.JPG-scaled.jpeg\",\"contentUrl\":\"https:\/\/belshoop.be\/wp-content\/uploads\/2026\/02\/IMG_1707.JPG-scaled.jpeg\",\"width\":1920,\"height\":2560},{\"@type\":\"BreadcrumbList\",\"@id\":\"https:\/\/belshoop.be\/nl\/produits\/pantalon-fluide\/#breadcrumb\",\"itemListElement\":[{\"@type\":\"ListItem\",\"position\":1,\"name\":\"Accueil\",\"item\":\"https:\/\/belshoop.be\/nl\/\"},{\"@type\":\"ListItem\",\"position\":2,\"name\":\"Producten\",\"item\":\"https:\/\/belshoop.be\/nl\/shop\/\"},{\"@type\":\"ListItem\",\"position\":3,\"name\":\"Pantalon fluide\"}]},{\"@type\":\"WebSite\",\"@id\":\"https:\/\/belshoop.be\/nl\/#website\",\"url\":\"https:\/\/belshoop.be\/nl\/\",\"name\":\"belshop\",\"description\":\"\",\"potentialAction\":[{\"@type\":\"SearchAction\",\"target\":{\"@type\":\"EntryPoint\",\"urlTemplate\":\"https:\/\/belshoop.be\/nl\/?s={search_term_string}\"},\"query-input\":{\"@type\":\"PropertyValueSpecification\",\"valueRequired\":true,\"valueName\":\"search_term_string\"}}],\"inLanguage\":\"nl-NL\"}]}<\/script>\n<!-- \/ Yoast SEO plugin. -->","yoast_head_json":{"title":"Pantalon fluide - belshop","robots":{"index":"index","follow":"follow","max-snippet":"max-snippet:-1","max-image-preview":"max-image-preview:large","max-video-preview":"max-video-preview:-1"},"canonical":"https:\/\/belshoop.be\/nl\/produits\/pantalon-fluide\/","og_locale":"nl_NL","og_type":"article","og_title":"Pantalon fluide - belshop","og_description":"Description :Pantalon fluide \u00e0 coupe droite et confortable avec taille \u00e9lastique et lien \u00e0 nouer.Sa mati\u00e8re l\u00e9g\u00e8re apporte \u00e9l\u00e9gance et libert\u00e9 de mouvement.Id\u00e9al pour un look chic quotidien ou une tenue habill\u00e9e. Samenstelling :\u2022 97% Polyester\u2022 3% Elastaan Modelinformatie :Het model is 1m58 lang en draagt maat S.","og_url":"https:\/\/belshoop.be\/nl\/produits\/pantalon-fluide\/","og_site_name":"belshop","article_modified_time":"2026-03-22T21:12:29+00:00","og_image":[{"width":1920,"height":2560,"url":"https:\/\/belshoop.be\/wp-content\/uploads\/2026\/02\/IMG_1707.JPG-scaled.jpeg","type":"image\/jpeg"}],"twitter_card":"summary_large_image","schema":{"@context":"https:\/\/schema.org","@graph":[{"@type":"WebPage","@id":"https:\/\/belshoop.be\/nl\/produits\/pantalon-fluide\/","url":"https:\/\/belshoop.be\/nl\/produits\/pantalon-fluide\/","name":"Pantalon fluide - belshop","isPartOf":{"@id":"https:\/\/belshoop.be\/nl\/#website"},"primaryImageOfPage":{"@id":"https:\/\/belshoop.be\/nl\/produits\/pantalon-fluide\/#primaryimage"},"image":{"@id":"https:\/\/belshoop.be\/nl\/produits\/pantalon-fluide\/#primaryimage"},"thumbnailUrl":"https:\/\/belshoop.be\/wp-content\/uploads\/2026\/02\/IMG_1707.JPG-scaled.jpeg","datePublished":"2026-02-27T17:07:41+00:00","dateModified":"2026-03-22T21:12:29+00:00","breadcrumb":{"@id":"https:\/\/belshoop.be\/nl\/produits\/pantalon-fluide\/#breadcrumb"},"inLanguage":"nl-NL","potentialAction":[{"@type":"ReadAction","target":["https:\/\/belshoop.be\/nl\/produits\/pantalon-fluide\/"]}]},{"@type":"ImageObject","inLanguage":"nl-NL","@id":"https:\/\/belshoop.be\/nl\/produits\/pantalon-fluide\/#primaryimage","url":"https:\/\/belshoop.be\/wp-content\/uploads\/2026\/02\/IMG_1707.JPG-scaled.jpeg","contentUrl":"https:\/\/belshoop.be\/wp-content\/uploads\/2026\/02\/IMG_1707.JPG-scaled.jpeg","width":1920,"height":2560},{"@type":"BreadcrumbList","@id":"https:\/\/belshoop.be\/nl\/produits\/pantalon-fluide\/#breadcrumb","itemListElement":[{"@type":"ListItem","position":1,"name":"Accueil","item":"https:\/\/belshoop.be\/nl\/"},{"@type":"ListItem","position":2,"name":"Producten","item":"https:\/\/belshoop.be\/nl\/shop\/"},{"@type":"ListItem","position":3,"name":"Pantalon fluide"}]},{"@type":"WebSite","@id":"https:\/\/belshoop.be\/nl\/#website","url":"https:\/\/belshoop.be\/nl\/","name":"belshop","description":"","potentialAction":[{"@type":"SearchAction","target":{"@type":"EntryPoint","urlTemplate":"https:\/\/belshoop.be\/nl\/?s={search_term_string}"},"query-input":{"@type":"PropertyValueSpecification","valueRequired":true,"valueName":"search_term_string"}}],"inLanguage":"nl-NL"}]}},"jetpack_sharing_enabled":true,"_links":{"self":[{"href":"https:\/\/belshoop.be\/nl\/wp-json\/wp\/v2\/product\/23282","targetHints":{"allow":["GET"]}}],"collection":[{"href":"https:\/\/belshoop.be\/nl\/wp-json\/wp\/v2\/product"}],"about":[{"href":"https:\/\/belshoop.be\/nl\/wp-json\/wp\/v2\/types\/product"}],"version-history":[{"count":1,"href":"https:\/\/belshoop.be\/nl\/wp-json\/wp\/v2\/product\/23282\/revisions"}],"predecessor-version":[{"id":23533,"href":"https:\/\/belshoop.be\/nl\/wp-json\/wp\/v2\/product\/23282\/revisions\/23533"}],"wp:featuredmedia":[{"embeddable":true,"href":"https:\/\/belshoop.be\/nl\/wp-json\/wp\/v2\/media\/23529"}],"wp:attachment":[{"href":"https:\/\/belshoop.be\/nl\/wp-json\/wp\/v2\/media?parent=23282"}],"wp:term":[{"taxonomy":"product_brand","embeddable":true,"href":"https:\/\/belshoop.be\/nl\/wp-json\/wp\/v2\/product_brand?post=23282"},{"taxonomy":"product_cat","embeddable":true,"href":"https:\/\/belshoop.be\/nl\/wp-json\/wp\/v2\/product_cat?post=23282"},{"taxonomy":"product_tag","embeddable":true,"href":"https:\/\/belshoop.be\/nl\/wp-json\/wp\/v2\/product_tag?post=23282"}],"curies":[{"name":"wp","href":"https:\/\/api.w.org\/{rel}","templated":true}]}}